{"id":15,"date":"2019-10-11T10:37:07","date_gmt":"2019-10-11T10:37:07","guid":{"rendered":"https:\/\/florentinginot.com\/\/temp\/?page_id=15"},"modified":"2024-06-17T12:12:03","modified_gmt":"2024-06-17T12:12:03","slug":"bio","status":"publish","type":"page","link":"https:\/\/florentinginot.com\/en\/bio\/","title":{"rendered":"Bio"},"content":{"rendered":"","protected":false},"excerpt":{"rendered":"","protected":false},"author":1,"featured_media":0,"parent":0,"menu_order":2,"comment_status":"closed","ping_status":"closed","template":"","meta":[],"class_list":["post-15","page","type-page","status-publish","hentry"],"grid":"{\r\n  \"colCount\": 12,\r\n  \"colGutter\": 1,\r\n  \"rowGutters\": [\r\n    5,\r\n    5,\r\n    5\r\n  ],\r\n  \"frameMargin\": 20,\r\n  \"leftFrameMargin\": 2,\r\n  \"rightFrameMargin\": 2,\r\n  \"topFrameMargin\": 100,\r\n  \"bottomFrameMargin\": 10,\r\n  \"rowAttrs\": [\r\n    {\r\n      \"relid\": 3\r\n    },\r\n    {\r\n      \"relid\": 2\r\n    },\r\n    {\r\n      \"relid\": 1\r\n    },\r\n    {\r\n      \"relid\": 5\r\n    }\r\n  ],\r\n  \"bgColor\": null,\r\n  \"cont\": [\r\n    {\r\n      \"type\": \"img\",\r\n      \"cont\": \"\/wp-content\/uploads\/2023\/04\/Florentin-Ginot-\u00a9-Frederike-Wetzels-5321.jpg\",\r\n      \"align\": \"top\",\r\n      \"row\": 0,\r\n      \"col\": 0,\r\n      \"colspan\": 12,\r\n      \"offsetx\": 0,\r\n      \"offsety\": 0,\r\n      \"spaceabove\": 0,\r\n      \"spacebelow\": 0,\r\n      \"yvel\": 1,\r\n      \"push\": 0,\r\n      \"relid\": 823,\r\n      \"attid\": 212,\r\n      \"sizes\": {\r\n        \"full\": \"\/wp-content\/uploads\/2023\/04\/Florentin-Ginot-\u00a9-Frederike-Wetzels-5321.jpg\",\r\n        \"_768\": \"\/wp-content\/uploads\/2023\/04\/Florentin-Ginot-\u00a9-Frederike-Wetzels-5321-768x512.jpg\",\r\n        \"_512\": \"\/wp-content\/uploads\/2023\/04\/Florentin-Ginot-\u00a9-Frederike-Wetzels-5321-512x341.jpg\",\r\n        \"_265\": \"\/wp-content\/uploads\/2023\/04\/Florentin-Ginot-\u00a9-Frederike-Wetzels-5321-265x177.jpg\"\r\n      },\r\n      \"w\": 806,\r\n      \"h\": 537,\r\n      \"ar\": 0.6662531017369727,\r\n      \"alt\": \"\",\r\n      \"absolute_position\": false,\r\n      \"caption\": \"<p><span class=\\\"_caption\\\">\u00a9 Frederike Wetzels<\/span><\/p>\"\r\n    },\r\n    {\r\n      \"type\": \"text\",\r\n      \"cont\": \"<p>Florentin Ginot is dedicated to pushing the boundaries of his art, not only as a remarkable soloist and a leading interpreter of contemporary music, but also in pioneering collaborations with artists across genres and disciplines.<\/p><p>Praised as \u201ccharismatic\u201d (Le Figaro), a \u201cbreathtaking virtuoso\u201d (Diapason) and \u201ca name to remember\u201d (Le Monde), the double bassist has established himself both as a soloist and with Ensemble Musikfabrik, of which he has been a member since 2015.<\/p><p>He has established a new repertoire for his instrument through close collaborations with composers such as Georges Aperghis, Gy\u00f6rgy Kurt\u00e1g, Rebecca Saunders and Helmut Lachenmann. He has appeared as a soloist at venues including the Berlin Philharmonie, K\u00f6lner Philharmonie, Cit\u00e9 de la Musique in Paris and L\u2019Auditori Barcelona as well as part of the Berliner Festspiele, Festival Pr\u00e9sences and Manifeste Festival in Paris, Festival Musica in Strasbourg, Sacrum Profanum in Krak\u00f3w, Ultima Oslo and La Biennale di Venezia.<\/p><p>Since 2019, Florentin Ginot has instigated a series of collaborations with artists from diverse traditions to look beyond genre boundaries and create hybrid projects between contemporary music, electronic music and world traditions including producer Helge Sten aka Deathprod, composer Stefan Prins, Palestinian songwriter Kamilya Jubran and actress Val\u00e9rie Dr\u00e9ville.<\/p><p>With his first solo album, <em>Bach - Biber<\/em>, released in 2022 on NoMadMusic, Florentin Ginot brings his unique genre-busting perspective to classics of baroque repertoire, arranging solos and sonatas by Bach and Biber for double bass and synthesizer. France Musique praised the album as \u201cabsolutely stunning\u201d, adding that \u201chis adaptation of Bach\u2019s chaconne for violin leaves us speechless\u201d.<\/p><p>The 2023-24 season includes his solo debut at the Philharmonie de Paris, with a live presentation of his <em>Bach - Biber <\/em>project, as well as performances at Jazzdor Strasbourg and the Festival St-Denis. He will present the world premiere of a new solo piece by Clara Iannotta in Florence and Cologne, as well as appearing in duo with electric guitarist Yaron Deutsch.<\/p><p>Increasingly active as a multi-instrumentalist and composer, Florentin Ginot will also present his compositional debut <em>Disturbance<\/em>, combining modular analogue synthesizers with traditional instruments. The full-length work will be developed during a residency at the AIR programme in Krems, Austria and premiered in March 2024 at the Th\u00e9\u00e2tre de la Cit\u00e9 internationale in Paris. From 2023-2025 he will be associate composer at the National Choreographic Centre of Caen.<\/p><p>Florentin Ginot graduated from the Conservatoire National Sup\u00e9rieur de Paris, and was a Laureate of the Banque Populaire Foundation and M\u00e9c\u00e9nat Musical Soci\u00e9t\u00e9 G\u00e9n\u00e9rale. In 2020 he was named \\\"Music revelation of the year\\\" by the Arts Journalists Syndicate. He is also the founder of <em>HowNow, <\/em>a production company developing staged presentations combining contemporary music with dance, theatre and circus.<\/p>\",\r\n      \"align\": \"top\",\r\n      \"row\": 1,\r\n      \"col\": 0,\r\n      \"colspan\": 10,\r\n      \"offsetx\": 0,\r\n      \"offsety\": 0,\r\n      \"spaceabove\": 0,\r\n      \"spacebelow\": 0,\r\n      \"yvel\": 1,\r\n      \"push\": 0,\r\n      \"relid\": 4,\r\n      \"absolute_position\": false,\r\n      \"frameOverflow\": \"\"\r\n    },\r\n    {\r\n      \"type\": \"text\",\r\n      \"cont\": \"<p class=\\\"_numbers\\\"><a rel=\\\"noopener\\\" href=\\\"http:\/\/hownow.eu\/\\\" target=\\\"_blank\\\">HowNow<\/a><\/p><p>HowNow is an artistic company, designing shows and scenic concerts, alongside dance, theater and circus. HowNow was founded by Florentin Ginot in 2017.<\/p>\",\r\n      \"align\": \"top\",\r\n      \"row\": 2,\r\n      \"col\": 0,\r\n      \"colspan\": 10,\r\n      \"offsetx\": 0,\r\n      \"offsety\": 0,\r\n      \"spaceabove\": 0,\r\n      \"spacebelow\": 0,\r\n      \"yvel\": 1,\r\n      \"push\": 0,\r\n      \"relid\": 6,\r\n      \"absolute_position\": false,\r\n      \"frameOverflow\": \"\"\r\n    },\r\n    {\r\n      \"type\": \"text\",\r\n      \"cont\": \"<p class=\\\"_numbers\\\"><a rel=\\\"noopener\\\" href=\\\"http:\/\/www.musikfabrik.eu\/\\\" target=\\\"_blank\\\">Musikfabrik<\/a><\/p><p>When posed the question: \\\"What could a Musikfabrik be?\\\", a clever primary school child answered: \\\"That is where they create music that hasn\u2019t been made yet\\\". That basically sums up everything in a nutshell.<\/p>\",\r\n      \"align\": \"top\",\r\n      \"row\": 3,\r\n      \"col\": 0,\r\n      \"colspan\": 10,\r\n      \"offsetx\": 0,\r\n      \"offsety\": 0,\r\n      \"spaceabove\": 0,\r\n      \"spacebelow\": 0,\r\n      \"yvel\": 1,\r\n      \"push\": 0,\r\n      \"relid\": 8,\r\n      \"absolute_position\": false,\r\n      \"frameOverflow\": \"\"\r\n    }\r\n  ]\r\n}","phonegrid":"","_links":{"self":[{"href":"https:\/\/florentinginot.com\/en\/wp-json\/wp\/v2\/pages\/15","targetHints":{"allow":["GET"]}}],"collection":[{"href":"https:\/\/florentinginot.com\/en\/wp-json\/wp\/v2\/pages"}],"about":[{"href":"https:\/\/florentinginot.com\/en\/wp-json\/wp\/v2\/types\/page"}],"author":[{"embeddable":true,"href":"https:\/\/florentinginot.com\/en\/wp-json\/wp\/v2\/users\/1"}],"replies":[{"embeddable":true,"href":"https:\/\/florentinginot.com\/en\/wp-json\/wp\/v2\/comments?post=15"}],"version-history":[{"count":0,"href":"https:\/\/florentinginot.com\/en\/wp-json\/wp\/v2\/pages\/15\/revisions"}],"wp:attachment":[{"href":"https:\/\/florentinginot.com\/en\/wp-json\/wp\/v2\/media?parent=15"}],"curies":[{"name":"wp","href":"https:\/\/api.w.org\/{rel}","templated":true}]}}